{"id":8,"date":"2020-06-08T19:37:43","date_gmt":"2020-06-08T19:37:43","guid":{"rendered":"http:\/\/www.frigoestructuras.com.mx\/v1\/?page_id=8"},"modified":"2020-08-27T23:05:41","modified_gmt":"2020-08-27T23:05:41","slug":"inicio","status":"publish","type":"page","link":"http:\/\/www.frigoestructuras.com.mx\/v1\/","title":{"rendered":"\u00bfQui\u00e9nes Somos?"},"content":{"rendered":"\n<p>Somos una empresa dedicada al desarrollo de proyectos y soluciones en construcci\u00f3n para la industria alimentaria, agroindustrial, y comercial. Nuestra finalidad es crear la mejor oferta a nuestros clientes que permita generar mayor rentabilidad a sus desarrollos a trav\u00e9s de procesos constructivos innovadores.<\/p>\n\n\n\n<h3 class=\"wp-block-heading\"><strong>Nuestros Alcances<\/strong><\/h3>\n\n\n\n<p>\uf076 Desarrollo de proyecto ejecutivo (Calculo Estructural)<br>\uf076 Dise\u00f1o y construcci\u00f3n de naves industriales<br>\uf076 Dise\u00f1o, fabricaci\u00f3n y montaje de estructura met\u00e1lica<br>\uf076 Dise\u00f1o y construcci\u00f3n de c\u00e1maras frigor\u00edficas<br>\uf076 Suministro e instalaci\u00f3n de panel aislante<br>\uf076 Suministro e instalaci\u00f3n de puertas industriales y equipos de and\u00e9n<\/p>\n\n\n\n<p><\/p>\n\n\n\n<h3 class=\"wp-block-heading\"><strong>\u00bfQu\u00e9 Hacemos?<\/strong><\/h3>\n\n\n\n<figure class=\"wp-block-image size-large\"><img decoding=\"async\" loading=\"lazy\" width=\"710\" height=\"844\" src=\"http:\/\/www.frigoestructuras.com.mx\/v1\/wp-content\/uploads\/2020\/08\/Captura-111.jpg\" alt=\"\" class=\"wp-image-50\" srcset=\"http:\/\/www.frigoestructuras.com.mx\/v1\/wp-content\/uploads\/2020\/08\/Captura-111.jpg 710w, http:\/\/www.frigoestructuras.com.mx\/v1\/wp-content\/uploads\/2020\/08\/Captura-111-252x300.jpg 252w\" sizes=\"(max-width: 710px) 100vw, 710px\" \/><\/figure>\n","protected":false},"excerpt":{"rendered":"<p>Somos una empresa dedicada al desarrollo de proyectos y soluciones en construcci\u00f3n para la industria alimentaria, agroindustrial, y comercial. Nuestra finalidad es crear la mejor oferta a nuestros clientes que permita generar mayor rentabilidad a sus desarrollos a trav\u00e9s de procesos constructivos innovadores. Nuestros Alcances \uf076 Desarrollo de proyecto ejecutivo (Calculo Estructural)\uf076 Dise\u00f1o y construcci\u00f3n &hellip; <\/p>\n<p class=\"link-more\"><a href=\"http:\/\/www.frigoestructuras.com.mx\/v1\/\" class=\"more-link\">Continuar leyendo<span class=\"screen-reader-text\"> \u00ab\u00bfQui\u00e9nes Somos?\u00bb<\/span><\/a><\/p>\n","protected":false},"author":1,"featured_media":0,"parent":0,"menu_order":0,"comment_status":"closed","ping_status":"closed","template":"","meta":[],"_links":{"self":[{"href":"http:\/\/www.frigoestructuras.com.mx\/v1\/wp-json\/wp\/v2\/pages\/8"}],"collection":[{"href":"http:\/\/www.frigoestructuras.com.mx\/v1\/wp-json\/wp\/v2\/pages"}],"about":[{"href":"http:\/\/www.frigoestructuras.com.mx\/v1\/wp-json\/wp\/v2\/types\/page"}],"author":[{"embeddable":true,"href":"http:\/\/www.frigoestructuras.com.mx\/v1\/wp-json\/wp\/v2\/users\/1"}],"replies":[{"embeddable":true,"href":"http:\/\/www.frigoestructuras.com.mx\/v1\/wp-json\/wp\/v2\/comments?post=8"}],"version-history":[{"count":8,"href":"http:\/\/www.frigoestructuras.com.mx\/v1\/wp-json\/wp\/v2\/pages\/8\/revisions"}],"predecessor-version":[{"id":65,"href":"http:\/\/www.frigoestructuras.com.mx\/v1\/wp-json\/wp\/v2\/pages\/8\/revisions\/65"}],"wp:attachment":[{"href":"http:\/\/www.frigoestructuras.com.mx\/v1\/wp-json\/wp\/v2\/media?parent=8"}],"curies":[{"name":"wp","href":"https:\/\/api.w.org\/{rel}","templated":true}]}}